{"id":532,"date":"2024-04-16T13:32:35","date_gmt":"2024-04-16T11:32:35","guid":{"rendered":"https:\/\/toprent.nl\/?page_id=532"},"modified":"2024-04-23T19:21:09","modified_gmt":"2024-04-23T17:21:09","slug":"overig","status":"publish","type":"page","link":"https:\/\/toprent.nl\/de\/overig\/","title":{"rendered":"Sonstiges"},"content":{"rendered":"<div data-elementor-type=\"wp-page\" data-elementor-id=\"532\" class=\"elementor elementor-532\" data-elementor-post-type=\"page\">\n\t\t\t\t<div class=\"elementor-element elementor-element-83e4d5c e-flex e-con-boxed e-con e-parent\" data-id=\"83e4d5c\" data-element_type=\"container\" data-e-type=\"container\" data-settings=\"{&quot;background_background&quot;:&quot;classic&quot;}\">\n\t\t\t\t\t<div class=\"e-con-inner\">\n\t\t\t\t<div class=\"elementor-element elementor-element-5dd2c5b elementor-widget elementor-widget-heading\" data-id=\"5dd2c5b\" data-element_type=\"widget\" data-e-type=\"widget\" data-widget_type=\"heading.default\">\n\t\t\t\t<div class=\"elementor-widget-container\">\n\t\t\t\t\t<h1 class=\"elementor-heading-title elementor-size-default\">Sonstiges<\/h1>\t\t\t\t<\/div>\n\t\t\t\t<\/div>\n\t\t\t\t\t<\/div>\n\t\t\t\t<\/div>\n\t\t<div class=\"elementor-element elementor-element-7ecd0d0 e-con-full e-flex e-con e-parent\" data-id=\"7ecd0d0\" data-element_type=\"container\" data-e-type=\"container\" data-settings=\"{&quot;background_background&quot;:&quot;classic&quot;}\">\n\t\t<div class=\"elementor-element elementor-element-135af9b e-flex e-con-boxed e-con e-child\" data-id=\"135af9b\" data-element_type=\"container\" data-e-type=\"container\">\n\t\t\t\t\t<div class=\"e-con-inner\">\n\t\t\t\t<div class=\"elementor-element elementor-element-0730d9e animated-slow elementor-invisible elementor-widget elementor-widget-heading\" data-id=\"0730d9e\" data-element_type=\"widget\" data-e-type=\"widget\" data-settings=\"{&quot;_animation&quot;:&quot;slideInUp&quot;}\" data-widget_type=\"heading.default\">\n\t\t\t\t<div class=\"elementor-widget-container\">\n\t\t\t\t\t<h1 class=\"elementor-heading-title elementor-size-default\">Zeltvermieter in Winterswijk<\/h1>\t\t\t\t<\/div>\n\t\t\t\t<\/div>\n\t\t\t\t<div class=\"elementor-element elementor-element-d057d44 animated-slow elementor-invisible elementor-widget elementor-widget-heading\" data-id=\"d057d44\" data-element_type=\"widget\" data-e-type=\"widget\" data-settings=\"{&quot;_animation&quot;:&quot;slideInUp&quot;}\" data-widget_type=\"heading.default\">\n\t\t\t\t<div class=\"elementor-widget-container\">\n\t\t\t\t\t<h4 class=\"elementor-heading-title elementor-size-default\">Schau dir hier alle weiteren Optionen an!<\/h4>\t\t\t\t<\/div>\n\t\t\t\t<\/div>\n\t\t\t\t<div class=\"elementor-element elementor-element-f8005c2 elementor-mobile-align-center elementor-widget elementor-widget-button\" data-id=\"f8005c2\" data-element_type=\"widget\" data-e-type=\"widget\" data-widget_type=\"button.default\">\n\t\t\t\t<div class=\"elementor-widget-container\">\n\t\t\t\t\t\t\t\t\t<div class=\"elementor-button-wrapper\">\n\t\t\t\t\t<a class=\"elementor-button elementor-button-link elementor-size-sm\" href=\"https:\/\/toprent.nl\/de\/contact\/\">\n\t\t\t\t\t\t<span class=\"elementor-button-content-wrapper\">\n\t\t\t\t\t\t<span class=\"elementor-button-icon\">\n\t\t\t\t<svg aria-hidden=\"true\" class=\"e-font-icon-svg e-fas-arrow-right\" viewbox=\"0 0 448 512\" xmlns=\"http:\/\/www.w3.org\/2000\/svg\"><path d=\"M190.5 66.9l22.2-22.2c9.4-9.4 24.6-9.4 33.9 0L441 239c9.4 9.4 9.4 24.6 0 33.9L246.6 467.3c-9.4 9.4-24.6 9.4-33.9 0l-22.2-22.2c-9.5-9.5-9.3-25 .4-34.3L311.4 296H24c-13.3 0-24-10.7-24-24v-32c0-13.3 10.7-24 24-24h287.4L190.9 101.2c-9.8-9.3-10-24.8-.4-34.3z\"><\/path><\/svg>\t\t\t<\/span>\n\t\t\t\t\t\t\t\t\t<span class=\"elementor-button-text\">Kontakt<\/span>\n\t\t\t\t\t<\/span>\n\t\t\t\t\t<\/a>\n\t\t\t\t<\/div>\n\t\t\t\t\t\t\t\t<\/div>\n\t\t\t\t<\/div>\n\t\t\t\t\t<\/div>\n\t\t\t\t<\/div>\n\t\t<div class=\"elementor-element elementor-element-457cbbf e-con-full e-flex e-con e-child\" data-id=\"457cbbf\" data-element_type=\"container\" data-e-type=\"container\">\n\t\t<div class=\"elementor-element elementor-element-11b6534 e-con-full e-flex e-con e-child\" data-id=\"11b6534\" data-element_type=\"container\" data-e-type=\"container\" data-settings=\"{&quot;background_background&quot;:&quot;classic&quot;}\">\n\t\t\t\t<\/div>\n\t\t<div class=\"elementor-element elementor-element-fe2588b e-con-full e-flex e-con e-child\" data-id=\"fe2588b\" data-element_type=\"container\" data-e-type=\"container\" data-settings=\"{&quot;background_background&quot;:&quot;classic&quot;}\">\n\t\t\t\t<div class=\"elementor-element elementor-element-48e1e3e elementor-widget elementor-widget-text-editor\" data-id=\"48e1e3e\" data-element_type=\"widget\" data-e-type=\"widget\" data-widget_type=\"text-editor.default\">\n\t\t\t\t<div class=\"elementor-widget-container\">\n\t\t\t\t\t\t\t\t\t<p>Schwerlastboden: Wird mit Gel\u00e4ndestapler verlegt. Das hohe Eigengewicht tr\u00e4gt zur Verankerung des Zeltes bei, oft ohne zus\u00e4tzliche Erdnagelverankerung.<\/p><p><strong>Die T\u00fcren werden nach Absprache geliefert!<\/strong><\/p>\t\t\t\t\t\t\t\t<\/div>\n\t\t\t\t<\/div>\n\t\t<div class=\"elementor-element elementor-element-541180e e-con-full e-flex e-con e-child\" data-id=\"541180e\" data-element_type=\"container\" data-e-type=\"container\">\n\t\t\t\t<div class=\"elementor-element elementor-element-4b8907c elementor-widget__width-initial elementor-widget-mobile__width-inherit elementor-widget elementor-widget-icon-box\" data-id=\"4b8907c\" data-element_type=\"widget\" data-e-type=\"widget\" data-widget_type=\"icon-box.default\">\n\t\t\t\t<div class=\"elementor-widget-container\">\n\t\t\t\t\t\t\t<div class=\"elementor-icon-box-wrapper\">\n\n\t\t\t\n\t\t\t\t\t\t<div class=\"elementor-icon-box-content\">\n\n\t\t\t\t\t\t\t\t\t<h3 class=\"elementor-icon-box-title\">\n\t\t\t\t\t\t<span  >\n\t\t\t\t\t\t\tAbmessungen\t\t\t\t\t\t<\/span>\n\t\t\t\t\t<\/h3>\n\t\t\t\t\n\t\t\t\t\t\t\t\t\t<p class=\"elementor-icon-box-description\">\n\t\t\t\t\t\t300x150cm <br>\n400x150cm <br>\n400x250cm <br>\n500x250cm\t\t\t\t\t<\/p>\n\t\t\t\t\n\t\t\t<\/div>\n\t\t\t\n\t\t<\/div>\n\t\t\t\t\t\t<\/div>\n\t\t\t\t<\/div>\n\t\t\t\t<\/div>\n\t\t\t\t<\/div>\n\t\t\t\t<\/div>\n\t\t\t\t<\/div>\n\t\t\t\t<\/div>","protected":false},"excerpt":{"rendered":"<p>Overig Tentverhuurder in Winterswijk Bekijk hier alle overige opties! Contact Zwaarlastvloer: wordt geplaatst met ruwterreinheftruck. Het hoge eigengewicht draagt bij aan de verankering van de tent, vaak zonder extra haringverankering De deuren worden in overleg geleverd! Afmetingen 300x150cm 400x150cm 400x250cm 500x250cm<\/p>","protected":false},"author":1,"featured_media":0,"parent":0,"menu_order":0,"comment_status":"closed","ping_status":"closed","template":"","meta":{"footnotes":""},"class_list":["post-532","page","type-page","status-publish","hentry"],"yoast_head":"<!-- This site is optimized with the Yoast SEO plugin v26.8 - https:\/\/yoast.com\/product\/yoast-seo-wordpress\/ -->\n<title>Overig - TopRent Tentenverhuur<\/title>\n<meta name=\"robots\" content=\"index, follow, max-snippet:-1, max-image-preview:large, max-video-preview:-1\" \/>\n<link rel=\"canonical\" href=\"https:\/\/toprent.nl\/de\/overig\/\" \/>\n<meta property=\"og:locale\" content=\"de_DE\" \/>\n<meta property=\"og:type\" content=\"article\" \/>\n<meta property=\"og:title\" content=\"Overig - TopRent Tentenverhuur\" \/>\n<meta property=\"og:description\" content=\"Overig Tentverhuurder in Winterswijk Bekijk hier alle overige opties! Contact Zwaarlastvloer: wordt geplaatst met ruwterreinheftruck. Het hoge eigengewicht draagt bij aan de verankering van de tent, vaak zonder extra haringverankering De deuren worden in overleg geleverd! Afmetingen 300x150cm 400x150cm 400x250cm 500x250cm\" \/>\n<meta property=\"og:url\" content=\"https:\/\/toprent.nl\/de\/overig\/\" \/>\n<meta property=\"article:modified_time\" content=\"2024-04-23T17:21:09+00:00\" \/>\n<meta name=\"twitter:card\" content=\"summary_large_image\" \/>\n<meta name=\"twitter:label1\" content=\"Gesch\u00e4tzte Lesezeit\" \/>\n\t<meta name=\"twitter:data1\" content=\"1\u00a0Minute\" \/>\n<script type=\"application\/ld+json\" class=\"yoast-schema-graph\">{\"@context\":\"https:\/\/schema.org\",\"@graph\":[{\"@type\":\"WebPage\",\"@id\":\"https:\/\/toprent.nl\/overig\/\",\"url\":\"https:\/\/toprent.nl\/overig\/\",\"name\":\"Overig - TopRent Tentenverhuur\",\"isPartOf\":{\"@id\":\"https:\/\/toprent.nl\/#website\"},\"datePublished\":\"2024-04-16T11:32:35+00:00\",\"dateModified\":\"2024-04-23T17:21:09+00:00\",\"breadcrumb\":{\"@id\":\"https:\/\/toprent.nl\/overig\/#breadcrumb\"},\"inLanguage\":\"de\",\"potentialAction\":[{\"@type\":\"ReadAction\",\"target\":[\"https:\/\/toprent.nl\/overig\/\"]}]},{\"@type\":\"BreadcrumbList\",\"@id\":\"https:\/\/toprent.nl\/overig\/#breadcrumb\",\"itemListElement\":[{\"@type\":\"ListItem\",\"position\":1,\"name\":\"Home\",\"item\":\"https:\/\/toprent.nl\/\"},{\"@type\":\"ListItem\",\"position\":2,\"name\":\"Overig\"}]},{\"@type\":\"WebSite\",\"@id\":\"https:\/\/toprent.nl\/#website\",\"url\":\"https:\/\/toprent.nl\/\",\"name\":\"\",\"description\":\"\",\"potentialAction\":[{\"@type\":\"SearchAction\",\"target\":{\"@type\":\"EntryPoint\",\"urlTemplate\":\"https:\/\/toprent.nl\/?s={search_term_string}\"},\"query-input\":{\"@type\":\"PropertyValueSpecification\",\"valueRequired\":true,\"valueName\":\"search_term_string\"}}],\"inLanguage\":\"de\"}]}<\/script>\n<!-- \/ Yoast SEO plugin. -->","yoast_head_json":{"title":"Overig - TopRent Tentenverhuur","robots":{"index":"index","follow":"follow","max-snippet":"max-snippet:-1","max-image-preview":"max-image-preview:large","max-video-preview":"max-video-preview:-1"},"canonical":"https:\/\/toprent.nl\/de\/overig\/","og_locale":"de_DE","og_type":"article","og_title":"Overig - TopRent Tentenverhuur","og_description":"Overig Tentverhuurder in Winterswijk Bekijk hier alle overige opties! Contact Zwaarlastvloer: wordt geplaatst met ruwterreinheftruck. Het hoge eigengewicht draagt bij aan de verankering van de tent, vaak zonder extra haringverankering De deuren worden in overleg geleverd! Afmetingen 300x150cm 400x150cm 400x250cm 500x250cm","og_url":"https:\/\/toprent.nl\/de\/overig\/","article_modified_time":"2024-04-23T17:21:09+00:00","twitter_card":"summary_large_image","twitter_misc":{"Gesch\u00e4tzte Lesezeit":"1\u00a0Minute"},"schema":{"@context":"https:\/\/schema.org","@graph":[{"@type":"WebPage","@id":"https:\/\/toprent.nl\/overig\/","url":"https:\/\/toprent.nl\/overig\/","name":"Overig - TopRent Tentenverhuur","isPartOf":{"@id":"https:\/\/toprent.nl\/#website"},"datePublished":"2024-04-16T11:32:35+00:00","dateModified":"2024-04-23T17:21:09+00:00","breadcrumb":{"@id":"https:\/\/toprent.nl\/overig\/#breadcrumb"},"inLanguage":"de","potentialAction":[{"@type":"ReadAction","target":["https:\/\/toprent.nl\/overig\/"]}]},{"@type":"BreadcrumbList","@id":"https:\/\/toprent.nl\/overig\/#breadcrumb","itemListElement":[{"@type":"ListItem","position":1,"name":"Home","item":"https:\/\/toprent.nl\/"},{"@type":"ListItem","position":2,"name":"Overig"}]},{"@type":"WebSite","@id":"https:\/\/toprent.nl\/#website","url":"https:\/\/toprent.nl\/","name":"","description":"","potentialAction":[{"@type":"SearchAction","target":{"@type":"EntryPoint","urlTemplate":"https:\/\/toprent.nl\/?s={search_term_string}"},"query-input":{"@type":"PropertyValueSpecification","valueRequired":true,"valueName":"search_term_string"}}],"inLanguage":"de"}]}},"_links":{"self":[{"href":"https:\/\/toprent.nl\/de\/wp-json\/wp\/v2\/pages\/532","targetHints":{"allow":["GET"]}}],"collection":[{"href":"https:\/\/toprent.nl\/de\/wp-json\/wp\/v2\/pages"}],"about":[{"href":"https:\/\/toprent.nl\/de\/wp-json\/wp\/v2\/types\/page"}],"author":[{"embeddable":true,"href":"https:\/\/toprent.nl\/de\/wp-json\/wp\/v2\/users\/1"}],"replies":[{"embeddable":true,"href":"https:\/\/toprent.nl\/de\/wp-json\/wp\/v2\/comments?post=532"}],"version-history":[{"count":8,"href":"https:\/\/toprent.nl\/de\/wp-json\/wp\/v2\/pages\/532\/revisions"}],"predecessor-version":[{"id":681,"href":"https:\/\/toprent.nl\/de\/wp-json\/wp\/v2\/pages\/532\/revisions\/681"}],"wp:attachment":[{"href":"https:\/\/toprent.nl\/de\/wp-json\/wp\/v2\/media?parent=532"}],"curies":[{"name":"wp","href":"https:\/\/api.w.org\/{rel}","templated":true}]}}